{"id":823,"date":"2023-04-07T18:38:41","date_gmt":"2023-04-07T16:38:41","guid":{"rendered":"https:\/\/rouvenkoetter.de\/?page_id=823"},"modified":"2023-07-02T22:27:32","modified_gmt":"2023-07-02T20:27:32","slug":"start","status":"publish","type":"page","link":"https:\/\/rouvenkoetter.de\/index.php\/start\/","title":{"rendered":"Start"},"content":{"rendered":"<p>[et_pb_section fb_built=&#8220;1&#8243; fullwidth=&#8220;on&#8220; _builder_version=&#8220;4.20.4&#8243; _module_preset=&#8220;default&#8220; global_colors_info=&#8220;{}&#8220;][et_pb_fullwidth_image src=&#8220;https:\/\/rouvenkoetter.de\/wp-content\/uploads\/2023\/02\/6A6A5689-E5AE-4185-AF20-60999ABDF13E-scaled.jpeg&#8220; title_text=&#8220;6A6A5689-E5AE-4185-AF20-60999ABDF13E&#8220; _builder_version=&#8220;4.20.4&#8243; _module_preset=&#8220;default&#8220; global_colors_info=&#8220;{}&#8220;][\/et_pb_fullwidth_image][\/et_pb_section][et_pb_section fb_built=&#8220;1&#8243; _builder_version=&#8220;4.20.4&#8243; _module_preset=&#8220;default&#8220; global_colors_info=&#8220;{}&#8220;][et_pb_row column_structure=&#8220;1_2,1_2&#8243; _builder_version=&#8220;4.20.4&#8243; _module_preset=&#8220;default&#8220; global_colors_info=&#8220;{}&#8220;][et_pb_column type=&#8220;1_2&#8243; _builder_version=&#8220;4.20.4&#8243; _module_preset=&#8220;default&#8220; global_colors_info=&#8220;{}&#8220;][et_pb_video src=&#8220;https:\/\/rouvenkoetter.de\/wp-content\/uploads\/2023\/04\/Heimat.mp4&#8243; src_webm=&#8220;https:\/\/rouvenkoetter.de\/wp-content\/uploads\/2023\/04\/Heimatmacher.webm&#8220; _builder_version=&#8220;4.20.4&#8243; _module_preset=&#8220;default&#8220; global_colors_info=&#8220;{}&#8220;][\/et_pb_video][\/et_pb_column][et_pb_column type=&#8220;1_2&#8243; _builder_version=&#8220;4.20.4&#8243; _module_preset=&#8220;default&#8220; global_colors_info=&#8220;{}&#8220;][et_pb_text _builder_version=&#8220;4.20.4&#8243; _module_preset=&#8220;default&#8220; global_colors_info=&#8220;{}&#8220;]<\/p>\n<p class=\"has-text-align-left\">Herzlich willkommen auf meiner Webseite!<\/p>\n<p>Mein Name ist Rouven K\u00f6tter und ich bewerbe mich 2023 als Landrat f\u00fcr unseren sch\u00f6nen Wetteraukreis. Auf dieser Seite informiere ich Sie \u00fcber aktuelles zu mir und meiner politischen Arbeit in der gesamten Region FrankfurtRheinMain und insbesondere in meinem Heimatlandkreis, dem Wetteraukreis.<\/p>\n<figure class=\"wp-block-image size-large is-style-default\"><img decoding=\"async\" loading=\"lazy\" src=\"https:\/\/rouvenkoetter.de\/V2022\/wp-content\/uploads\/2022\/01\/F3408E55-8B7C-4BCA-A4CE-90FB51AEE811-1024x252.jpeg\" alt=\"\" class=\"wp-image-66\" srcset=\"https:\/\/rouvenkoetter.de\/wp-content\/uploads\/2022\/01\/F3408E55-8B7C-4BCA-A4CE-90FB51AEE811-1024x252.jpeg 1024w, https:\/\/rouvenkoetter.de\/wp-content\/uploads\/2022\/01\/F3408E55-8B7C-4BCA-A4CE-90FB51AEE811-300x74.jpeg 300w, https:\/\/rouvenkoetter.de\/wp-content\/uploads\/2022\/01\/F3408E55-8B7C-4BCA-A4CE-90FB51AEE811-768x189.jpeg 768w, https:\/\/rouvenkoetter.de\/wp-content\/uploads\/2022\/01\/F3408E55-8B7C-4BCA-A4CE-90FB51AEE811-1536x378.jpeg 1536w, https:\/\/rouvenkoetter.de\/wp-content\/uploads\/2022\/01\/F3408E55-8B7C-4BCA-A4CE-90FB51AEE811-1568x385.jpeg 1568w, https:\/\/rouvenkoetter.de\/wp-content\/uploads\/2022\/01\/F3408E55-8B7C-4BCA-A4CE-90FB51AEE811.jpeg 1664w\" sizes=\"(max-width: 1024px) 100vw, 1024px\" width=\"1024\" height=\"252\" \/><\/figure>\n<p>[\/et_pb_text][\/et_pb_column][\/et_pb_row][\/et_pb_section][et_pb_section fb_built=&#8220;1&#8243; fullwidth=&#8220;on&#8220; _builder_version=&#8220;4.20.4&#8243; _module_preset=&#8220;default&#8220; global_colors_info=&#8220;{}&#8220;][et_pb_fullwidth_header title=&#8220;K\u00f6tters Caf\u00e9&#8220; button_one_text=&#8220;Anh\u00f6ren&#8220; button_one_url=&#8220;https:\/\/koetterscafe.podigee.io\/&#8220; header_image_url=&#8220;https:\/\/rouvenkoetter.de\/wp-content\/uploads\/2023\/02\/B4A18845-69B7-4F7F-A29C-B303B19E28E3.jpeg&#8220; _builder_version=&#8220;4.20.4&#8243; _module_preset=&#8220;default&#8220; global_colors_info=&#8220;{}&#8220;]<\/p>\n<p>Hier finden Sie meinen Podcast \u201cK\u00f6tters Caf\u00e9\u201c, in dem ich mich mit spannenden Leuten aus Wetterau und Oberhessen austausche https:\/\/koetterscafe.podigee.io\/<\/p>\n<p>[\/et_pb_fullwidth_header][\/et_pb_section][et_pb_section fb_built=&#8220;1&#8243; _builder_version=&#8220;4.20.4&#8243; _module_preset=&#8220;default&#8220; global_colors_info=&#8220;{}&#8220;][et_pb_row _builder_version=&#8220;4.20.4&#8243; _module_preset=&#8220;default&#8220; global_colors_info=&#8220;{}&#8220;][et_pb_column type=&#8220;4_4&#8243; _builder_version=&#8220;4.20.4&#8243; _module_preset=&#8220;default&#8220; global_colors_info=&#8220;{}&#8220;][et_pb_blog fullwidth=&#8220;off&#8220; posts_number=&#8220;6&#8243; _builder_version=&#8220;4.20.4&#8243; _module_preset=&#8220;default&#8220; global_colors_info=&#8220;{}&#8220;][\/et_pb_blog][\/et_pb_column][\/et_pb_row][\/et_pb_section][et_pb_section fb_built=&#8220;1&#8243; fullwidth=&#8220;on&#8220; _builder_version=&#8220;4.20.4&#8243; _module_preset=&#8220;default&#8220; global_colors_info=&#8220;{}&#8220;][et_pb_fullwidth_header title=&#8220;Hallo Heimat&#8220; button_one_text=&#8220;Jetzt anschauen&#8220; button_one_url=&#8220;https:\/\/www.youtube.com\/@rouvenkoetterWetterau&#8220; header_image_url=&#8220;https:\/\/rouvenkoetter.de\/wp-content\/uploads\/2023\/04\/halloheimat.jpg&#8220; _builder_version=&#8220;4.20.4&#8243; _module_preset=&#8220;default&#8220; hover_enabled=&#8220;0&#8243; global_colors_info=&#8220;{}&#8220; sticky_enabled=&#8220;0&#8243;]<\/p>\n<p>Ein Mal pro Woche blicke ich in einem kurzen Video zur\u00fcck auf die Termine und Erlebnisse der letzten Tage. Au\u00dferdem berichte ich \u00fcber Inhalte und Aktionen meines Wahlkampfes. Seht mal rein bei \u201eHallo Heimat\u201c!<\/p>\n<p>[\/et_pb_fullwidth_header][\/et_pb_section]<\/p>\n","protected":false},"excerpt":{"rendered":"<p>Herzlich willkommen auf meiner Webseite! Mein Name ist Rouven K\u00f6tter und ich bewerbe mich 2023 als Landrat f\u00fcr unseren sch\u00f6nen Wetteraukreis. Auf dieser Seite informiere ich Sie \u00fcber aktuelles zu mir und meiner politischen Arbeit in der gesamten Region FrankfurtRheinMain und insbesondere in meinem Heimatlandkreis, dem Wetteraukreis. Hier finden Sie meinen Podcast \u201cK\u00f6tters Caf\u00e9\u201c, in [&hellip;]<\/p>\n","protected":false},"author":1,"featured_media":0,"parent":0,"menu_order":0,"comment_status":"closed","ping_status":"closed","template":"","meta":{"_et_pb_use_builder":"on","_et_pb_old_content":"","_et_gb_content_width":"","footnotes":""},"class_list":["post-823","page","type-page","status-publish","hentry"],"yoast_head":"<!-- This site is optimized with the Yoast SEO Premium plugin v20.4 (Yoast SEO v24.1) - https:\/\/yoast.com\/wordpress\/plugins\/seo\/ -->\n<title>Start - Rouven K\u00f6tter<\/title>\n<meta name=\"robots\" content=\"index, follow, max-snippet:-1, max-image-preview:large, max-video-preview:-1\" \/>\n<link rel=\"canonical\" href=\"https:\/\/rouvenkoetter.de\/index.php\/start\/\" \/>\n<meta property=\"og:locale\" content=\"de_DE\" \/>\n<meta property=\"og:type\" content=\"article\" \/>\n<meta property=\"og:title\" content=\"Start\" \/>\n<meta property=\"og:description\" content=\"Herzlich willkommen auf meiner Webseite! Mein Name ist Rouven K\u00f6tter und ich bewerbe mich 2023 als Landrat f\u00fcr unseren sch\u00f6nen Wetteraukreis. Auf dieser Seite informiere ich Sie \u00fcber aktuelles zu mir und meiner politischen Arbeit in der gesamten Region FrankfurtRheinMain und insbesondere in meinem Heimatlandkreis, dem Wetteraukreis. Hier finden Sie meinen Podcast \u201cK\u00f6tters Caf\u00e9\u201c, in [&hellip;]\" \/>\n<meta property=\"og:url\" content=\"https:\/\/rouvenkoetter.de\/index.php\/start\/\" \/>\n<meta property=\"og:site_name\" content=\"Rouven K\u00f6tter\" \/>\n<meta property=\"article:modified_time\" content=\"2023-07-02T20:27:32+00:00\" \/>\n<meta property=\"og:image\" content=\"https:\/\/rouvenkoetter.de\/V2022\/wp-content\/uploads\/2022\/01\/F3408E55-8B7C-4BCA-A4CE-90FB51AEE811-1024x252.jpeg\" \/>\n<meta name=\"twitter:card\" content=\"summary_large_image\" \/>\n<meta name=\"twitter:label1\" content=\"Gesch\u00e4tzte Lesezeit\" \/>\n\t<meta name=\"twitter:data1\" content=\"2\u00a0Minuten\" \/>\n<script type=\"application\/ld+json\" class=\"yoast-schema-graph\">{\"@context\":\"https:\/\/schema.org\",\"@graph\":[{\"@type\":\"WebPage\",\"@id\":\"https:\/\/rouvenkoetter.de\/index.php\/start\/\",\"url\":\"https:\/\/rouvenkoetter.de\/index.php\/start\/\",\"name\":\"Start - Rouven K\u00f6tter\",\"isPartOf\":{\"@id\":\"https:\/\/rouvenkoetter.de\/#website\"},\"primaryImageOfPage\":{\"@id\":\"https:\/\/rouvenkoetter.de\/index.php\/start\/#primaryimage\"},\"image\":{\"@id\":\"https:\/\/rouvenkoetter.de\/index.php\/start\/#primaryimage\"},\"thumbnailUrl\":\"https:\/\/rouvenkoetter.de\/V2022\/wp-content\/uploads\/2022\/01\/F3408E55-8B7C-4BCA-A4CE-90FB51AEE811-1024x252.jpeg\",\"datePublished\":\"2023-04-07T16:38:41+00:00\",\"dateModified\":\"2023-07-02T20:27:32+00:00\",\"breadcrumb\":{\"@id\":\"https:\/\/rouvenkoetter.de\/index.php\/start\/#breadcrumb\"},\"inLanguage\":\"de\",\"potentialAction\":[{\"@type\":\"ReadAction\",\"target\":[\"https:\/\/rouvenkoetter.de\/index.php\/start\/\"]}]},{\"@type\":\"ImageObject\",\"inLanguage\":\"de\",\"@id\":\"https:\/\/rouvenkoetter.de\/index.php\/start\/#primaryimage\",\"url\":\"https:\/\/rouvenkoetter.de\/V2022\/wp-content\/uploads\/2022\/01\/F3408E55-8B7C-4BCA-A4CE-90FB51AEE811-1024x252.jpeg\",\"contentUrl\":\"https:\/\/rouvenkoetter.de\/V2022\/wp-content\/uploads\/2022\/01\/F3408E55-8B7C-4BCA-A4CE-90FB51AEE811-1024x252.jpeg\"},{\"@type\":\"BreadcrumbList\",\"@id\":\"https:\/\/rouvenkoetter.de\/index.php\/start\/#breadcrumb\",\"itemListElement\":[{\"@type\":\"ListItem\",\"position\":1,\"name\":\"Startseite\",\"item\":\"https:\/\/rouvenkoetter.de\/\"},{\"@type\":\"ListItem\",\"position\":2,\"name\":\"Start\"}]},{\"@type\":\"WebSite\",\"@id\":\"https:\/\/rouvenkoetter.de\/#website\",\"url\":\"https:\/\/rouvenkoetter.de\/\",\"name\":\"Rouven K\u00f6tter\",\"description\":\"#HeimatMacher\",\"potentialAction\":[{\"@type\":\"SearchAction\",\"target\":{\"@type\":\"EntryPoint\",\"urlTemplate\":\"https:\/\/rouvenkoetter.de\/?s={search_term_string}\"},\"query-input\":{\"@type\":\"PropertyValueSpecification\",\"valueRequired\":true,\"valueName\":\"search_term_string\"}}],\"inLanguage\":\"de\"}]}<\/script>\n<!-- \/ Yoast SEO Premium plugin. -->","yoast_head_json":{"title":"Start - Rouven K\u00f6tter","robots":{"index":"index","follow":"follow","max-snippet":"max-snippet:-1","max-image-preview":"max-image-preview:large","max-video-preview":"max-video-preview:-1"},"canonical":"https:\/\/rouvenkoetter.de\/index.php\/start\/","og_locale":"de_DE","og_type":"article","og_title":"Start","og_description":"Herzlich willkommen auf meiner Webseite! Mein Name ist Rouven K\u00f6tter und ich bewerbe mich 2023 als Landrat f\u00fcr unseren sch\u00f6nen Wetteraukreis. Auf dieser Seite informiere ich Sie \u00fcber aktuelles zu mir und meiner politischen Arbeit in der gesamten Region FrankfurtRheinMain und insbesondere in meinem Heimatlandkreis, dem Wetteraukreis. Hier finden Sie meinen Podcast \u201cK\u00f6tters Caf\u00e9\u201c, in [&hellip;]","og_url":"https:\/\/rouvenkoetter.de\/index.php\/start\/","og_site_name":"Rouven K\u00f6tter","article_modified_time":"2023-07-02T20:27:32+00:00","og_image":[{"url":"https:\/\/rouvenkoetter.de\/V2022\/wp-content\/uploads\/2022\/01\/F3408E55-8B7C-4BCA-A4CE-90FB51AEE811-1024x252.jpeg","type":"","width":"","height":""}],"twitter_card":"summary_large_image","twitter_misc":{"Gesch\u00e4tzte Lesezeit":"2\u00a0Minuten"},"schema":{"@context":"https:\/\/schema.org","@graph":[{"@type":"WebPage","@id":"https:\/\/rouvenkoetter.de\/index.php\/start\/","url":"https:\/\/rouvenkoetter.de\/index.php\/start\/","name":"Start - Rouven K\u00f6tter","isPartOf":{"@id":"https:\/\/rouvenkoetter.de\/#website"},"primaryImageOfPage":{"@id":"https:\/\/rouvenkoetter.de\/index.php\/start\/#primaryimage"},"image":{"@id":"https:\/\/rouvenkoetter.de\/index.php\/start\/#primaryimage"},"thumbnailUrl":"https:\/\/rouvenkoetter.de\/V2022\/wp-content\/uploads\/2022\/01\/F3408E55-8B7C-4BCA-A4CE-90FB51AEE811-1024x252.jpeg","datePublished":"2023-04-07T16:38:41+00:00","dateModified":"2023-07-02T20:27:32+00:00","breadcrumb":{"@id":"https:\/\/rouvenkoetter.de\/index.php\/start\/#breadcrumb"},"inLanguage":"de","potentialAction":[{"@type":"ReadAction","target":["https:\/\/rouvenkoetter.de\/index.php\/start\/"]}]},{"@type":"ImageObject","inLanguage":"de","@id":"https:\/\/rouvenkoetter.de\/index.php\/start\/#primaryimage","url":"https:\/\/rouvenkoetter.de\/V2022\/wp-content\/uploads\/2022\/01\/F3408E55-8B7C-4BCA-A4CE-90FB51AEE811-1024x252.jpeg","contentUrl":"https:\/\/rouvenkoetter.de\/V2022\/wp-content\/uploads\/2022\/01\/F3408E55-8B7C-4BCA-A4CE-90FB51AEE811-1024x252.jpeg"},{"@type":"BreadcrumbList","@id":"https:\/\/rouvenkoetter.de\/index.php\/start\/#breadcrumb","itemListElement":[{"@type":"ListItem","position":1,"name":"Startseite","item":"https:\/\/rouvenkoetter.de\/"},{"@type":"ListItem","position":2,"name":"Start"}]},{"@type":"WebSite","@id":"https:\/\/rouvenkoetter.de\/#website","url":"https:\/\/rouvenkoetter.de\/","name":"Rouven K\u00f6tter","description":"#HeimatMacher","potentialAction":[{"@type":"SearchAction","target":{"@type":"EntryPoint","urlTemplate":"https:\/\/rouvenkoetter.de\/?s={search_term_string}"},"query-input":{"@type":"PropertyValueSpecification","valueRequired":true,"valueName":"search_term_string"}}],"inLanguage":"de"}]}},"_links":{"self":[{"href":"https:\/\/rouvenkoetter.de\/index.php\/wp-json\/wp\/v2\/pages\/823","targetHints":{"allow":["GET"]}}],"collection":[{"href":"https:\/\/rouvenkoetter.de\/index.php\/wp-json\/wp\/v2\/pages"}],"about":[{"href":"https:\/\/rouvenkoetter.de\/index.php\/wp-json\/wp\/v2\/types\/page"}],"author":[{"embeddable":true,"href":"https:\/\/rouvenkoetter.de\/index.php\/wp-json\/wp\/v2\/users\/1"}],"replies":[{"embeddable":true,"href":"https:\/\/rouvenkoetter.de\/index.php\/wp-json\/wp\/v2\/comments?post=823"}],"version-history":[{"count":9,"href":"https:\/\/rouvenkoetter.de\/index.php\/wp-json\/wp\/v2\/pages\/823\/revisions"}],"predecessor-version":[{"id":1028,"href":"https:\/\/rouvenkoetter.de\/index.php\/wp-json\/wp\/v2\/pages\/823\/revisions\/1028"}],"wp:attachment":[{"href":"https:\/\/rouvenkoetter.de\/index.php\/wp-json\/wp\/v2\/media?parent=823"}],"curies":[{"name":"wp","href":"https:\/\/api.w.org\/{rel}","templated":true}]}}